{"id":3602,"date":"2024-10-01T09:49:08","date_gmt":"2024-10-01T07:49:08","guid":{"rendered":"https:\/\/wigl.fr\/?page_id=3602"},"modified":"2025-02-01T10:26:08","modified_gmt":"2025-02-01T09:26:08","slug":"avertissement-sur-les-risques","status":"publish","type":"page","link":"https:\/\/wigl.fr\/en\/avertissement-sur-les-risques\/","title":{"rendered":"Risks warning"},"content":{"rendered":"<div data-elementor-type=\"wp-page\" data-elementor-id=\"3602\" class=\"elementor elementor-3602\" data-elementor-post-type=\"page\">\n\t\t\t\t<div class=\"elementor-element elementor-element-416a9d26 e-flex e-con-boxed e-con e-parent\" data-id=\"416a9d26\" data-element_type=\"container\" data-e-type=\"container\" data-settings=\"{&quot;_ha_eqh_enable&quot;:false}\">\n\t\t\t\t\t<div class=\"e-con-inner\">\n\t\t\t\t<div class=\"elementor-element elementor-element-85b8122 elementor-widget elementor-widget-heading\" data-id=\"85b8122\" data-element_type=\"widget\" data-e-type=\"widget\" data-widget_type=\"heading.default\">\n\t\t\t\t<div class=\"elementor-widget-container\">\n\t\t\t\t\t<h2 class=\"elementor-heading-title elementor-size-default\">Comprendre les Risques associ\u00e9s aux services de wigl<\/h2>\t\t\t\t<\/div>\n\t\t\t\t<\/div>\n\t\t\t\t<div class=\"elementor-element elementor-element-4a8c0731 elementor-widget elementor-widget-text-editor\" data-id=\"4a8c0731\" data-element_type=\"widget\" data-e-type=\"widget\" data-widget_type=\"text-editor.default\">\n\t\t\t\t<div class=\"elementor-widget-container\">\n\t\t\t\t\t\t\t\t\t<p><span style=\"font-weight: 400;\">Le pr\u00e9sent document a pour objectif de vous informer des risques associ\u00e9s aux services de <\/span><span class=\"text-wigl\"><span class=\"text-wigl\">wigl<\/span><\/span><span style=\"font-weight: 400;\">, notamment li\u00e9s \u00e0 l\u2019achat de crypto-actifs, au staking, \u00e0 la gestion de coffres crypto et au programme de cashback. Veuillez noter que cet avertissement n\u2019est pas exhaustif et que vous devez lire attentivement toutes les informations fournies avant d\u2019utiliser nos services.<\/span><\/p>\n<h3><b>1. Informations G\u00e9n\u00e9rales sur les Risques<\/b><b><\/b><\/h3>\n<p><span style=\"font-weight: 400;\">Les actifs num\u00e9riques, y compris les crypto-actifs, pr\u00e9sentent des risques importants, tels que :<\/span><\/p>\n<ul>\n<li style=\"font-weight: 400;\" aria-level=\"1\"><b>Volatilit\u00e9<\/b><span style=\"font-weight: 400;\"> : Les crypto-actifs sont soumis \u00e0 une forte volatilit\u00e9 et peuvent ne pas convenir \u00e0 tous les investisseurs.<\/span><\/li>\n<li style=\"font-weight: 400;\" aria-level=\"1\"><b>Perte en capital <\/b><span style=\"font-weight: 400;\">: Il existe un risque de perte en capital lors de l\u2019investissement dans des actifs num\u00e9riques. Les rendements pass\u00e9s ne peuvent pas garantir des r\u00e9sultats futurs.<\/span><\/li>\n<li style=\"font-weight: 400;\" aria-level=\"1\"><b>Responsabilit\u00e9 individuelle <\/b><span style=\"font-weight: 400;\">: Vous \u00eates seul responsable de vos d\u00e9cisions d\u2019investissement. <\/span><span class=\"text-wigl\"><span class=\"text-wigl\">wigl<\/span><\/span><span style=\"font-weight: 400;\"> ne peut \u00eatre tenu responsable des pertes r\u00e9sultant de vos d\u00e9cisions.<\/span>\n<p>\u00a0<\/p>\n<\/li>\n<\/ul>\n<p><span style=\"font-weight: 400;\">L\u2019investissement dans des actifs num\u00e9riques peut entra\u00eener des pertes qui affectent votre situation financi\u00e8re personnelle. Vous devez \u00eatre conscient de vos limites et ne pas investir plus que ce que vous pouvez vous permettre de perdre.<\/span><\/p>\n<p><!-- \/wp:paragraph --><\/p>\t\t\t\t\t\t\t\t<\/div>\n\t\t\t\t<\/div>\n\t\t\t\t<div class=\"elementor-element elementor-element-b455932 elementor-widget elementor-widget-text-editor\" data-id=\"b455932\" data-element_type=\"widget\" data-e-type=\"widget\" data-widget_type=\"text-editor.default\">\n\t\t\t\t<div class=\"elementor-widget-container\">\n\t\t\t\t\t\t\t\t\t<h3><b>2. Risques Li\u00e9s aux Services de\u00a0<\/b><span class=\"text-wigl\"><span class=\"text-wigl\">wigl<\/span><\/span><\/h3>\n<h4><b>2.1. Achat de Crypto-actifs<\/b><\/h4>\n<ul>\n<li aria-level=\"1\"><b>Volatilit\u00e9 du march\u00e9\u00a0<\/b>: Les prix des crypto-actifs peuvent fluctuer de mani\u00e8re significative en peu de temps. Les rendements pass\u00e9s ne sont pas un indicateur fiable des rendements futurs.<\/li>\n<li aria-level=\"1\"><b>Risque de fraude<\/b>\u00a0: Des escroqueries peuvent exister, et vous devez \u00eatre vigilant concernant la provenance des crypto-actifs.\n<p>\u00a0<\/p>\n<\/li>\n<\/ul>\n<h4><b>2.2. Staking et Coffres Crypto<\/b><\/h4>\n<ul>\n<li aria-level=\"1\"><b>Risque de liquidit\u00e9\u00a0<\/b>: Les actifs mis en jeu peuvent \u00eatre illiquides et vous ne pourrez peut-\u00eatre pas les retirer facilement.<\/li>\n<li aria-level=\"1\"><b>Risque de rendement<\/b>\u00a0: Les rendements li\u00e9s aux coffres et au staking sont volatils et ne sont pas garantis. Vous devez \u00eatre conscient de la possibilit\u00e9 de perte en capital sur ces investissements.<\/li>\n<li aria-level=\"1\"><b>Risque de protocoles<\/b>\u00a0: Les bugs ou failles de s\u00e9curit\u00e9 dans les protocoles de staking peuvent entra\u00eener des pertes d\u2019investissements.<\/li>\n<\/ul>\n<p class=\"text-wigl\">\u00a0<\/p>\n<h4><b>2.3. Cashback<\/b><\/h4>\n<ul>\n<li aria-level=\"1\"><b>Volatilit\u00e9 et risque de perte<\/b>\u00a0: Le cashback en WIGL peut \u00e9galement entra\u00eener des pertes en capital. Le montant de cashback d\u00e9pend des d\u00e9penses et est soumis \u00e0 la volatilit\u00e9 du march\u00e9 du WIGL.<\/li>\n<\/ul>\n<p><!-- \/wp:paragraph --><\/p>\t\t\t\t\t\t\t\t<\/div>\n\t\t\t\t<\/div>\n\t\t\t\t<div class=\"elementor-element elementor-element-e8c123a elementor-widget elementor-widget-text-editor\" data-id=\"e8c123a\" data-element_type=\"widget\" data-e-type=\"widget\" data-widget_type=\"text-editor.default\">\n\t\t\t\t<div class=\"elementor-widget-container\">\n\t\t\t\t\t\t\t\t\t<h3><b>3. Risques Techniques et Technologiques<\/b><\/h3>\n<p>Les risques techniques sont \u00e9galement pr\u00e9sents :<\/p>\n<ul>\n<li aria-level=\"1\"><b>Attaques informatiques\u00a0<\/b>: Les actifs num\u00e9riques sont souvent la cible d\u2019attaques, pouvant entra\u00eener des pertes de fonds.<\/li>\n<li aria-level=\"1\"><b>Probl\u00e8mes de logiciel<\/b>\u00a0: Les bugs dans les syst\u00e8mes peuvent causer des dysfonctionnements dans le traitement des transactions.<\/li>\n<li aria-level=\"1\"><b>Disponibilit\u00e9 des services<\/b>\u00a0: Les interruptions de service peuvent survenir, limitant l&rsquo;acc\u00e8s \u00e0 vos actifs.<\/li>\n<\/ul>\n<p><!-- \/wp:paragraph --><\/p>\t\t\t\t\t\t\t\t<\/div>\n\t\t\t\t<\/div>\n\t\t\t\t<div class=\"elementor-element elementor-element-ae733ae elementor-widget elementor-widget-text-editor\" data-id=\"ae733ae\" data-element_type=\"widget\" data-e-type=\"widget\" data-widget_type=\"text-editor.default\">\n\t\t\t\t<div class=\"elementor-widget-container\">\n\t\t\t\t\t\t\t\t\t<h3><b>4. Risques li\u00e9s aux Actifs Num\u00e9riques<\/b><\/h3>\n<p>Les actifs num\u00e9riques comportent un ensemble de risques inh\u00e9rents, notamment :<\/p>\n<ul>\n<li aria-level=\"1\"><b>Probl\u00e8mes techniques<\/b>\u00a0: failles dans le syst\u00e8me, erreurs de protocole ou d\u00e9faillances peuvent affecter les actifs num\u00e9riques ou des probl\u00e8mes peuvent retarder les transactions ou les livraisons.<\/li>\n<li aria-level=\"1\"><b>Obsolescence technologique<\/b>\u00a0: L&rsquo;\u00e9volution rapide des technologies peut rendre certains actifs obsol\u00e8tes.<\/li>\n<li aria-level=\"1\"><b>Cyberattaques\u00a0<\/b>: Les actifs num\u00e9riques sont sensibles aux attaques informatiques sur les protocoles et technologies.<\/li>\n<li aria-level=\"1\"><b>Vuln\u00e9rabilit\u00e9s de la blockchain<\/b>\u00a0: Les blockchains peuvent subir des attaques, comme les attaques \u00e0 51%, affectant l&rsquo;int\u00e9grit\u00e9 des transactions.<\/li>\n<li aria-level=\"1\"><b>Forks de blockchain\u00a0<\/b>: Des modifications majeures dans le protocole blockchain peuvent entra\u00eener une volatilit\u00e9 et des pertes potentielles.<\/li>\n<\/ul>\n<p><!-- \/wp:paragraph --><\/p>\t\t\t\t\t\t\t\t<\/div>\n\t\t\t\t<\/div>\n\t\t\t\t<div class=\"elementor-element elementor-element-0d6a44a elementor-widget elementor-widget-text-editor\" data-id=\"0d6a44a\" data-element_type=\"widget\" data-e-type=\"widget\" data-widget_type=\"text-editor.default\">\n\t\t\t\t<div class=\"elementor-widget-container\">\n\t\t\t\t\t\t\t\t\t<h3><b>5. Risques de s\u00e9curit\u00e9 des Actifs Num\u00e9riques<\/b><\/h3>\n<p>Les actifs num\u00e9riques sont confront\u00e9s \u00e0 des menaces de s\u00e9curit\u00e9 qui les rendent particuli\u00e8rement vuln\u00e9rables. Parmi ces menaces, on trouve le phishing, qui consiste en des escroqueries destin\u00e9es \u00e0 obtenir des informations confidentielles par des m\u00e9thodes frauduleuses. Il y a \u00e9galement l\u2019ing\u00e9nierie sociale, qui utilise des techniques manipulatrices pour tromper les utilisateurs afin d\u2019obtenir des informations sensibles.<\/p>\n<p>Un autre risque est l&rsquo;usurpation d&rsquo;identit\u00e9, o\u00f9 des individus utilisent frauduleusement les informations d&rsquo;autrui pour acc\u00e9der \u00e0 leurs actifs. Les ransomwares repr\u00e9sentent \u00e9galement une menace, car ces logiciels malveillants peuvent verrouiller vos donn\u00e9es et exiger une ran\u00e7on pour les d\u00e9bloquer.<\/p>\n<p>De plus, le cryptojacking est une pratique o\u00f9 des pirates utilisent votre ordinateur \u00e0 votre insu pour miner des actifs num\u00e9riques, ce qui peut ralentir vos syst\u00e8mes. Par ailleurs, la perte ou le vol d&rsquo;un portefeuille num\u00e9rique peut rendre impossible la r\u00e9cup\u00e9ration de vos actifs.<\/p>\n<p>Il est \u00e9galement important de noter que la perte de cl\u00e9s priv\u00e9es peut entra\u00eener l&rsquo;impossibilit\u00e9 d&rsquo;acc\u00e9der aux actifs qui y sont associ\u00e9s. Les attaques de type clipboard hijacking manipulent l&rsquo;adresse de crypto-actifs copi\u00e9e, transf\u00e9rant ainsi des actifs vers le compte d\u2019un pirate sans que l\u2019utilisateur ne s\u2019en rende compte. Enfin, le crypto dusting consiste en l&rsquo;envoi de petites quantit\u00e9s d&rsquo;actifs pour identifier les propri\u00e9taires des portefeuilles et compromettre leur anonymat.<\/p>\n<p><!-- \/wp:paragraph --><\/p>\t\t\t\t\t\t\t\t<\/div>\n\t\t\t\t<\/div>\n\t\t\t\t<div class=\"elementor-element elementor-element-02da01f elementor-widget elementor-widget-text-editor\" data-id=\"02da01f\" data-element_type=\"widget\" data-e-type=\"widget\" data-widget_type=\"text-editor.default\">\n\t\t\t\t<div class=\"elementor-widget-container\">\n\t\t\t\t\t\t\t\t\t<h3 style=\"font-family: Mont, sans-serif;\"><span style=\"font-weight: bold;\">6. Risques Juridiques et R\u00e9glementaires<\/span><\/h3>\n<p style=\"font-size: 16px;\">La r\u00e9glementation sur les actifs num\u00e9riques \u00e9volue rapidement. Les changements l\u00e9gislatifs, tels que ceux promus par les r\u00e8glements Mica, Dora, TFR, CMF et RGAMG, peuvent affecter la valeur de vos investissements et la faisabilit\u00e9 de certaines activit\u00e9s.<\/p>\n<p><!-- \/wp:paragraph --><\/p>\t\t\t\t\t\t\t\t<\/div>\n\t\t\t\t<\/div>\n\t\t\t\t\t<\/div>\n\t\t\t\t<\/div>\n\t\t\t\t<\/div>","protected":false},"excerpt":{"rendered":"<p>Comprendre les Risques associ\u00e9s aux services de wigl Le pr\u00e9sent document a pour objectif de vous informer des risques associ\u00e9s aux services de wigl, notamment li\u00e9s \u00e0 l\u2019achat de crypto-actifs, au staking, \u00e0 la gestion de coffres crypto et au programme de cashback. Veuillez noter que cet avertissement n\u2019est pas exhaustif et que vous devez [&hellip;]<\/p>\n","protected":false},"author":11,"featured_media":0,"parent":0,"menu_order":0,"comment_status":"closed","ping_status":"closed","template":"","meta":{"_crdt_document":"","footnotes":""},"class_list":["post-3602","page","type-page","status-publish","hentry"],"yoast_head":"<!-- This site is optimized with the Yoast SEO plugin v27.3 - https:\/\/yoast.com\/product\/yoast-seo-wordpress\/ -->\n<title>Avertissement sur les risques - Wigl<\/title>\n<meta name=\"robots\" content=\"index, follow, max-snippet:-1, max-image-preview:large, max-video-preview:-1\" \/>\n<link rel=\"canonical\" href=\"https:\/\/wigl.fr\/en\/avertissement-sur-les-risques\/\" \/>\n<meta property=\"og:locale\" content=\"en_GB\" \/>\n<meta property=\"og:type\" content=\"article\" \/>\n<meta property=\"og:title\" content=\"Avertissement sur les risques - Wigl\" \/>\n<meta property=\"og:description\" content=\"Comprendre les Risques associ\u00e9s aux services de wigl Le pr\u00e9sent document a pour objectif de vous informer des risques associ\u00e9s aux services de wigl, notamment li\u00e9s \u00e0 l\u2019achat de crypto-actifs, au staking, \u00e0 la gestion de coffres crypto et au programme de cashback. Veuillez noter que cet avertissement n\u2019est pas exhaustif et que vous devez [&hellip;]\" \/>\n<meta property=\"og:url\" content=\"https:\/\/wigl.fr\/en\/avertissement-sur-les-risques\/\" \/>\n<meta property=\"og:site_name\" content=\"Wigl\" \/>\n<meta property=\"article:publisher\" content=\"https:\/\/www.facebook.com\/WiglApp\" \/>\n<meta property=\"article:modified_time\" content=\"2025-02-01T09:26:08+00:00\" \/>\n<meta name=\"twitter:card\" content=\"summary_large_image\" \/>\n<meta name=\"twitter:site\" content=\"@WiglApp\" \/>\n<meta name=\"twitter:label1\" content=\"Estimated reading time\" \/>\n\t<meta name=\"twitter:data1\" content=\"4 minutes\" \/>\n<script type=\"application\/ld+json\" class=\"yoast-schema-graph\">{\"@context\":\"https:\\\/\\\/schema.org\",\"@graph\":[{\"@type\":\"WebPage\",\"@id\":\"https:\\\/\\\/wigl.fr\\\/avertissement-sur-les-risques\\\/\",\"url\":\"https:\\\/\\\/wigl.fr\\\/avertissement-sur-les-risques\\\/\",\"name\":\"Avertissement sur les risques - Wigl\",\"isPartOf\":{\"@id\":\"https:\\\/\\\/wigl.fr\\\/#website\"},\"datePublished\":\"2024-10-01T07:49:08+00:00\",\"dateModified\":\"2025-02-01T09:26:08+00:00\",\"inLanguage\":\"en-GB\",\"potentialAction\":[{\"@type\":\"ReadAction\",\"target\":[\"https:\\\/\\\/wigl.fr\\\/avertissement-sur-les-risques\\\/\"]}]},{\"@type\":\"WebSite\",\"@id\":\"https:\\\/\\\/wigl.fr\\\/#website\",\"url\":\"https:\\\/\\\/wigl.fr\\\/\",\"name\":\"Wigl\",\"description\":\"Mes paiements Euro et Crypto\",\"publisher\":{\"@id\":\"https:\\\/\\\/wigl.fr\\\/#organization\"},\"potentialAction\":[{\"@type\":\"SearchAction\",\"target\":{\"@type\":\"EntryPoint\",\"urlTemplate\":\"https:\\\/\\\/wigl.fr\\\/?s={search_term_string}\"},\"query-input\":{\"@type\":\"PropertyValueSpecification\",\"valueRequired\":true,\"valueName\":\"search_term_string\"}}],\"inLanguage\":\"en-GB\"},{\"@type\":\"Organization\",\"@id\":\"https:\\\/\\\/wigl.fr\\\/#organization\",\"name\":\"Wigl\",\"url\":\"https:\\\/\\\/wigl.fr\\\/\",\"logo\":{\"@type\":\"ImageObject\",\"inLanguage\":\"en-GB\",\"@id\":\"https:\\\/\\\/wigl.fr\\\/#\\\/schema\\\/logo\\\/image\\\/\",\"url\":\"https:\\\/\\\/wigl.fr\\\/wp-content\\\/uploads\\\/wigl-crypto.png\",\"contentUrl\":\"https:\\\/\\\/wigl.fr\\\/wp-content\\\/uploads\\\/wigl-crypto.png\",\"width\":150,\"height\":150,\"caption\":\"Wigl\"},\"image\":{\"@id\":\"https:\\\/\\\/wigl.fr\\\/#\\\/schema\\\/logo\\\/image\\\/\"},\"sameAs\":[\"https:\\\/\\\/www.facebook.com\\\/WiglApp\",\"https:\\\/\\\/x.com\\\/WiglApp\",\"https:\\\/\\\/discord.com\\\/invite\\\/wigl-official\",\"https:\\\/\\\/www.linkedin.com\\\/company\\\/wiglapp\\\/\",\"https:\\\/\\\/www.instagram.com\\\/wigl_fr\\\/\"]}]}<\/script>\n<!-- \/ Yoast SEO plugin. -->","yoast_head_json":{"title":"Avertissement sur les risques - Wigl","robots":{"index":"index","follow":"follow","max-snippet":"max-snippet:-1","max-image-preview":"max-image-preview:large","max-video-preview":"max-video-preview:-1"},"canonical":"https:\/\/wigl.fr\/en\/avertissement-sur-les-risques\/","og_locale":"en_GB","og_type":"article","og_title":"Avertissement sur les risques - Wigl","og_description":"Comprendre les Risques associ\u00e9s aux services de wigl Le pr\u00e9sent document a pour objectif de vous informer des risques associ\u00e9s aux services de wigl, notamment li\u00e9s \u00e0 l\u2019achat de crypto-actifs, au staking, \u00e0 la gestion de coffres crypto et au programme de cashback. Veuillez noter que cet avertissement n\u2019est pas exhaustif et que vous devez [&hellip;]","og_url":"https:\/\/wigl.fr\/en\/avertissement-sur-les-risques\/","og_site_name":"Wigl","article_publisher":"https:\/\/www.facebook.com\/WiglApp","article_modified_time":"2025-02-01T09:26:08+00:00","twitter_card":"summary_large_image","twitter_site":"@WiglApp","twitter_misc":{"Estimated reading time":"4 minutes"},"schema":{"@context":"https:\/\/schema.org","@graph":[{"@type":"WebPage","@id":"https:\/\/wigl.fr\/avertissement-sur-les-risques\/","url":"https:\/\/wigl.fr\/avertissement-sur-les-risques\/","name":"Avertissement sur les risques - Wigl","isPartOf":{"@id":"https:\/\/wigl.fr\/#website"},"datePublished":"2024-10-01T07:49:08+00:00","dateModified":"2025-02-01T09:26:08+00:00","inLanguage":"en-GB","potentialAction":[{"@type":"ReadAction","target":["https:\/\/wigl.fr\/avertissement-sur-les-risques\/"]}]},{"@type":"WebSite","@id":"https:\/\/wigl.fr\/#website","url":"https:\/\/wigl.fr\/","name":"Wigl","description":"Mes paiements Euro et Crypto","publisher":{"@id":"https:\/\/wigl.fr\/#organization"},"potentialAction":[{"@type":"SearchAction","target":{"@type":"EntryPoint","urlTemplate":"https:\/\/wigl.fr\/?s={search_term_string}"},"query-input":{"@type":"PropertyValueSpecification","valueRequired":true,"valueName":"search_term_string"}}],"inLanguage":"en-GB"},{"@type":"Organization","@id":"https:\/\/wigl.fr\/#organization","name":"Wigl","url":"https:\/\/wigl.fr\/","logo":{"@type":"ImageObject","inLanguage":"en-GB","@id":"https:\/\/wigl.fr\/#\/schema\/logo\/image\/","url":"https:\/\/wigl.fr\/wp-content\/uploads\/wigl-crypto.png","contentUrl":"https:\/\/wigl.fr\/wp-content\/uploads\/wigl-crypto.png","width":150,"height":150,"caption":"Wigl"},"image":{"@id":"https:\/\/wigl.fr\/#\/schema\/logo\/image\/"},"sameAs":["https:\/\/www.facebook.com\/WiglApp","https:\/\/x.com\/WiglApp","https:\/\/discord.com\/invite\/wigl-official","https:\/\/www.linkedin.com\/company\/wiglapp\/","https:\/\/www.instagram.com\/wigl_fr\/"]}]}},"_links":{"self":[{"href":"https:\/\/wigl.fr\/en\/wp-json\/wp\/v2\/pages\/3602","targetHints":{"allow":["GET"]}}],"collection":[{"href":"https:\/\/wigl.fr\/en\/wp-json\/wp\/v2\/pages"}],"about":[{"href":"https:\/\/wigl.fr\/en\/wp-json\/wp\/v2\/types\/page"}],"author":[{"embeddable":true,"href":"https:\/\/wigl.fr\/en\/wp-json\/wp\/v2\/users\/11"}],"replies":[{"embeddable":true,"href":"https:\/\/wigl.fr\/en\/wp-json\/wp\/v2\/comments?post=3602"}],"version-history":[{"count":20,"href":"https:\/\/wigl.fr\/en\/wp-json\/wp\/v2\/pages\/3602\/revisions"}],"predecessor-version":[{"id":5237,"href":"https:\/\/wigl.fr\/en\/wp-json\/wp\/v2\/pages\/3602\/revisions\/5237"}],"wp:attachment":[{"href":"https:\/\/wigl.fr\/en\/wp-json\/wp\/v2\/media?parent=3602"}],"curies":[{"name":"wp","href":"https:\/\/api.w.org\/{rel}","templated":true}]}}